{"id":122,"date":"2026-02-19T10:32:44","date_gmt":"2026-02-19T09:32:44","guid":{"rendered":"https:\/\/errekalde.fidenet-test.net\/politica-de-cookies\/"},"modified":"2026-02-19T10:32:44","modified_gmt":"2026-02-19T09:32:44","slug":"politica-de-cookies","status":"publish","type":"page","link":"https:\/\/errekalde.com\/eu\/politica-de-cookies\/","title":{"rendered":"Cookien politika"},"content":{"rendered":"<h1>Cookien politika<\/h1>\n<p class=\"translation-block\">Cookie bat testu-fitxategi txiki bat da, zure nabigatzailean gordetzen dena ia edozein web orri bisitatzen duzunean. Bere erabilgarritasuna da webguneak zure bisita gogoratzea berriro orri horretan nabigatzen duzunean. Cookiek informazio teknikoa, lehentasun pertsonalak, edukien pertsonalizazioa, erabilera-estatistikak, sare sozialetarako estekak, erabiltzaile-kontuetarako sarbidea eta abar gordetzen dituzte. Cookie-aren helburua da webgunearen edukia zure profil eta beharretara egokitzea; cookie-rik gabe, edozein orrialdek eskaintzen dituen zerbitzuak nabarmen murriztuko lirateke. Cookieak zer diren, zer biltegiratzen duten, nola ezabatu, desaktibatu eta abarri buruzko informazio gehiago nahi baduzu, <a href=\"https:\/\/errekalde.fidenet-test.net\/mas-informacion-sobre-las-cookies\/\" target=\"_self\">jo esteka honetara.<\/a><\/p>\n<h2>Webgune honetan erabilitako cookieak<\/h2>\n<p class=\"translation-block\">Datuak Babesteko Espainiako Agentziaren jarraibideei jarraituz, webgune honek erabiltzen dituen cookieak zehaztuko ditugu, ahalik eta informazio zehatzena emateko.<\/p>\n<p>\n\tWebgune honek <strong>cookie propio<\/strong> hauek erabiltzen ditu: <strong>cookies propias<\/strong>:<\/p>\n<ul>\n<li class=\"translation-block\">Saioko cookieak, blogean iruzkinak idazten dituzten erabiltzaileak gizakiak direla bermatzeko, eta ez aplikazio automatizatuak. Horrela, <em>spamari<\/em> aurre egiten zaio.<\/li>\n<\/ul>\n<p>\n\tWebgune honek <strong>cookie propio<\/strong> hauek erabiltzen ditu: <strong>cookies de terceros<\/strong>:<\/p>\n<ul>\n<li class=\"translation-block\">Google Analytics: Cookieak gordetzen ditu, webgune honetako trafikoari eta bisita-bolumenari buruzko estatistikak egin ahal izateko. Webgune hau erabiltzean, Googlek zuri buruzko informazioa tratatzeko baimena ematen ari zara. Beraz, zentzu horretan edozein eskubide erabili ahal izateko, Googlerekin zuzenean komunikatu beharko duzu.<\/li>\n<li class=\"translation-block\">Sare sozialak: Sare sozial bakoitzak bere cookieak erabiltzen ditu, Atsegin dut edo Partekatu botoietan sakatu ahal izateko.<\/li>\n<\/ul>\n<h2>Cookieak desaktibatzea edo ezabatzea<\/h2>\n<p>\n\tEdozein unetan erabili ahal izango duzu webgune honetako cookieak desaktibatu edo ezabatzeko eskubidea. Ekintza horiek modu desberdinean egiten dira, erabiltzen ari zaren nabigatzailearen arabera. <a href=\"https:\/\/errekalde.fidenet-test.net\/mas-informacion-sobre-las-cookies\/#navegadores\">Hona hemen nabigatzaile ezagunenentzako gida azkar bat<\/a>.\n<\/p>\n<h2>Ohar gehigarriak<\/h2>\n<ul>\n<li class=\"translation-block\">Webgune hau eta bere legezko ordezkariak ez dira <em>cookie<\/em> politika honetan aipatzen diren hirugarrenek izan ditzaketen pribatutasun politiken edukiaren eta egiazkotasunaren erantzule egiten.<\/li>\n<li class=\"translation-block\">Web nabigatzaileak dira cookieak biltegiratzeaz arduratzen diren tresnak, eta leku horretatik egin behar duzu cookieak ezabatzeko edo desaktibatzeko eskubidea. Ez webgune honek ez bere legezko ordezkariek ezin dute bermatu aipatutako nabigatzaileek cookieak behar bezala edo oker manipulatuko dituztenik.<\/li>\n<li class=\"translation-block\">Kasu batzuetan beharrezkoa da cookie-ak instalatzea, nabigatzaileak ez dezan ahaztu cookie-ak ez onartzeko erabakia.<\/li>\n<li class=\"translation-block\">Google Analytics-en cookien kasuan, enpresa honek Estatu Batuetan kokatutako zerbitzarietan gordetzen ditu cookieak eta hirugarrenekin ez partekatzeko konpromisoa hartzen du, sistemaren funtzionamendurako beharrezkoa denean edo legeak horretara behartzen duenean izan ezik. Googleren arabera, ez du zure IP helbidea gordetzen. Google Inc. konpainiak bat egiten du Portu Seguruaren Hitzarmenarekin, zeinak bermatzen baitu transferitutako datu guztiak Europako araudiarekin bat datorren babes-mailarekin tratatuko direla. Horri buruzko informazio zehatza kontsulta dezakezu <a href=\"http:\/\/safeharbor.export.gov\/companyinfo.aspx?id=16626\" target=\"_blank\">esteka honetan<\/a>. Googlek cookie-ei ematen dien erabilerari buruzko informazioa nahi baduzu, <a href=\"https:\/\/developers.google.com\/analytics\/devguides\/collection\/analyticsjs\/cookie-usage?hl=es&amp;csw=1\" target=\"_blank\">beste esteka hau erantsi dizugu<\/a>.<\/li>\n<li>\n\t\t\tCookie-politika honi buruzko edozein zalantza edo kontsulta izanez gero, jarri gurekin harremanetan harremanetarako atalaren bidez. <em>cookies<\/em> no dude en comunicarse con nosotros a trav\u00e9s de la secci\u00f3n de contacto.<\/a>\n\t\t<\/li>\n<\/ul>","protected":false},"excerpt":{"rendered":"<p>Pol\u00edtica de cookies Una cookie es un peque\u00f1o fichero de texto que se almacena en su navegador cuando visita casi [&hellip;]<\/p>\n","protected":false},"author":1,"featured_media":0,"parent":0,"menu_order":2,"comment_status":"closed","ping_status":"closed","template":"","meta":{"_uag_custom_page_level_css":"","site-sidebar-layout":"default","site-content-layout":"","ast-site-content-layout":"default","site-content-style":"default","site-sidebar-style":"default","ast-global-header-display":"","ast-banner-title-visibility":"","ast-main-header-display":"","ast-hfb-above-header-display":"","ast-hfb-below-header-display":"","ast-hfb-mobile-header-display":"","site-post-title":"","ast-breadcrumbs-content":"","ast-featured-img":"","footer-sml-layout":"","ast-disable-related-posts":"","theme-transparent-header-meta":"","adv-header-id-meta":"","stick-header-meta":"","header-above-stick-meta":"","header-main-stick-meta":"","header-below-stick-meta":"","astra-migrate-meta-layouts":"default","ast-page-background-enabled":"default","ast-page-background-meta":{"desktop":{"background-color":"var(--ast-global-color-5)","background-image":"","background-repeat":"repeat","background-position":"center center","background-size":"auto","background-attachment":"scroll","background-type":"","background-media":"","overlay-type":"","overlay-color":"","overlay-opacity":"","overlay-gradient":""},"tablet":{"background-color":"","background-image":"","background-repeat":"repeat","background-position":"center center","background-size":"auto","background-attachment":"scroll","background-type":"","background-media":"","overlay-type":"","overlay-color":"","overlay-opacity":"","overlay-gradient":""},"mobile":{"background-color":"","background-image":"","background-repeat":"repeat","background-position":"center center","background-size":"auto","background-attachment":"scroll","background-type":"","background-media":"","overlay-type":"","overlay-color":"","overlay-opacity":"","overlay-gradient":""}},"ast-content-background-meta":{"desktop":{"background-color":"var(--ast-global-color-4)","background-image":"","background-repeat":"repeat","background-position":"center center","background-size":"auto","background-attachment":"scroll","background-type":"","background-media":"","overlay-type":"","overlay-color":"","overlay-opacity":"","overlay-gradient":""},"tablet":{"background-color":"var(--ast-global-color-4)","background-image":"","background-repeat":"repeat","background-position":"center center","background-size":"auto","background-attachment":"scroll","background-type":"","background-media":"","overlay-type":"","overlay-color":"","overlay-opacity":"","overlay-gradient":""},"mobile":{"background-color":"var(--ast-global-color-4)","background-image":"","background-repeat":"repeat","background-position":"center center","background-size":"auto","background-attachment":"scroll","background-type":"","background-media":"","overlay-type":"","overlay-color":"","overlay-opacity":"","overlay-gradient":""}},"footnotes":""},"class_list":["post-122","page","type-page","status-publish","hentry"],"yoast_head":"<!-- This site is optimized with the Yoast SEO plugin v27.1.1 - https:\/\/yoast.com\/product\/yoast-seo-wordpress\/ -->\n<title>Pol\u00edtica de cookies - Errekalde<\/title>\n<meta name=\"robots\" content=\"noindex, follow, max-snippet:-1, max-image-preview:large, max-video-preview:-1\" \/>\n<meta property=\"og:locale\" content=\"en_US\" \/>\n<meta property=\"og:type\" content=\"article\" \/>\n<meta property=\"og:title\" content=\"Pol\u00edtica de cookies - Errekalde\" \/>\n<meta property=\"og:description\" content=\"Pol\u00edtica de cookies Una cookie es un peque\u00f1o fichero de texto que se almacena en su navegador cuando visita casi [&hellip;]\" \/>\n<meta property=\"og:url\" content=\"https:\/\/errekalde.com\/eu\/politica-de-cookies\/\" \/>\n<meta property=\"og:site_name\" content=\"Errekalde\" \/>\n<meta name=\"twitter:card\" content=\"summary_large_image\" \/>\n<meta name=\"twitter:label1\" content=\"Est. reading time\" \/>\n\t<meta name=\"twitter:data1\" content=\"3 minutua\" \/>\n<script type=\"application\/ld+json\" class=\"yoast-schema-graph\">{\"@context\":\"https:\/\/schema.org\",\"@graph\":[{\"@type\":\"WebPage\",\"@id\":\"https:\/\/errekalde.com\/politica-de-cookies\/\",\"url\":\"https:\/\/errekalde.com\/politica-de-cookies\/\",\"name\":\"Pol\u00edtica de cookies - Errekalde\",\"isPartOf\":{\"@id\":\"https:\/\/errekalde.com\/#website\"},\"datePublished\":\"2026-02-19T09:32:44+00:00\",\"breadcrumb\":{\"@id\":\"https:\/\/errekalde.com\/politica-de-cookies\/#breadcrumb\"},\"inLanguage\":\"eu\",\"potentialAction\":[{\"@type\":\"ReadAction\",\"target\":[\"https:\/\/errekalde.com\/politica-de-cookies\/\"]}]},{\"@type\":\"BreadcrumbList\",\"@id\":\"https:\/\/errekalde.com\/politica-de-cookies\/#breadcrumb\",\"itemListElement\":[{\"@type\":\"ListItem\",\"position\":1,\"name\":\"Portada\",\"item\":\"https:\/\/errekalde.com\/\"},{\"@type\":\"ListItem\",\"position\":2,\"name\":\"Pol\u00edtica de cookies\"}]},{\"@type\":\"WebSite\",\"@id\":\"https:\/\/errekalde.com\/#website\",\"url\":\"https:\/\/errekalde.com\/\",\"name\":\"Errekalde\",\"description\":\"\",\"publisher\":{\"@id\":\"https:\/\/errekalde.com\/#organization\"},\"potentialAction\":[{\"@type\":\"SearchAction\",\"target\":{\"@type\":\"EntryPoint\",\"urlTemplate\":\"https:\/\/errekalde.com\/?s={search_term_string}\"},\"query-input\":{\"@type\":\"PropertyValueSpecification\",\"valueRequired\":true,\"valueName\":\"search_term_string\"}}],\"inLanguage\":\"eu\"},{\"@type\":\"Organization\",\"@id\":\"https:\/\/errekalde.com\/#organization\",\"name\":\"Errekalde\",\"url\":\"https:\/\/errekalde.com\/\",\"logo\":{\"@type\":\"ImageObject\",\"inLanguage\":\"eu\",\"@id\":\"https:\/\/errekalde.com\/#\/schema\/logo\/image\/\",\"url\":\"https:\/\/errekalde.com\/wp-content\/uploads\/cropped-ERREKALDE-logo.png\",\"contentUrl\":\"https:\/\/errekalde.com\/wp-content\/uploads\/cropped-ERREKALDE-logo.png\",\"width\":928,\"height\":309,\"caption\":\"Errekalde\"},\"image\":{\"@id\":\"https:\/\/errekalde.com\/#\/schema\/logo\/image\/\"}}]}<\/script>\n<!-- \/ Yoast SEO plugin. -->","yoast_head_json":{"title":"Pol\u00edtica de cookies - Errekalde","robots":{"index":"noindex","follow":"follow","max-snippet":"max-snippet:-1","max-image-preview":"max-image-preview:large","max-video-preview":"max-video-preview:-1"},"og_locale":"en_US","og_type":"article","og_title":"Pol\u00edtica de cookies - Errekalde","og_description":"Pol\u00edtica de cookies Una cookie es un peque\u00f1o fichero de texto que se almacena en su navegador cuando visita casi [&hellip;]","og_url":"https:\/\/errekalde.com\/eu\/politica-de-cookies\/","og_site_name":"Errekalde","twitter_card":"summary_large_image","twitter_misc":{"Est. reading time":"3 minutua"},"schema":{"@context":"https:\/\/schema.org","@graph":[{"@type":"WebPage","@id":"https:\/\/errekalde.com\/politica-de-cookies\/","url":"https:\/\/errekalde.com\/politica-de-cookies\/","name":"Pol\u00edtica de cookies - Errekalde","isPartOf":{"@id":"https:\/\/errekalde.com\/#website"},"datePublished":"2026-02-19T09:32:44+00:00","breadcrumb":{"@id":"https:\/\/errekalde.com\/politica-de-cookies\/#breadcrumb"},"inLanguage":"eu","potentialAction":[{"@type":"ReadAction","target":["https:\/\/errekalde.com\/politica-de-cookies\/"]}]},{"@type":"BreadcrumbList","@id":"https:\/\/errekalde.com\/politica-de-cookies\/#breadcrumb","itemListElement":[{"@type":"ListItem","position":1,"name":"Portada","item":"https:\/\/errekalde.com\/"},{"@type":"ListItem","position":2,"name":"Pol\u00edtica de cookies"}]},{"@type":"WebSite","@id":"https:\/\/errekalde.com\/#website","url":"https:\/\/errekalde.com\/","name":"Errekalde","description":"","publisher":{"@id":"https:\/\/errekalde.com\/#organization"},"potentialAction":[{"@type":"SearchAction","target":{"@type":"EntryPoint","urlTemplate":"https:\/\/errekalde.com\/?s={search_term_string}"},"query-input":{"@type":"PropertyValueSpecification","valueRequired":true,"valueName":"search_term_string"}}],"inLanguage":"eu"},{"@type":"Organization","@id":"https:\/\/errekalde.com\/#organization","name":"Errekalde","url":"https:\/\/errekalde.com\/","logo":{"@type":"ImageObject","inLanguage":"eu","@id":"https:\/\/errekalde.com\/#\/schema\/logo\/image\/","url":"https:\/\/errekalde.com\/wp-content\/uploads\/cropped-ERREKALDE-logo.png","contentUrl":"https:\/\/errekalde.com\/wp-content\/uploads\/cropped-ERREKALDE-logo.png","width":928,"height":309,"caption":"Errekalde"},"image":{"@id":"https:\/\/errekalde.com\/#\/schema\/logo\/image\/"}}]}},"spectra_custom_meta":{"_edit_lock":["1772189653:1"],"_uag_css_file_name":["uag-css-122.css"],"_uag_page_assets":["a:9:{s:3:\"css\";s:263:\".uag-blocks-common-selector{z-index:var(--z-index-desktop) !important}@media (max-width: 976px){.uag-blocks-common-selector{z-index:var(--z-index-tablet) !important}}@media (max-width: 767px){.uag-blocks-common-selector{z-index:var(--z-index-mobile) !important}}\n\";s:2:\"js\";s:0:\"\";s:18:\"current_block_list\";a:7:{i:0;s:11:\"core\/search\";i:1;s:10:\"core\/group\";i:2;s:12:\"core\/heading\";i:3;s:17:\"core\/latest-posts\";i:4;s:20:\"core\/latest-comments\";i:5;s:13:\"core\/archives\";i:6;s:15:\"core\/categories\";}s:8:\"uag_flag\";b:0;s:11:\"uag_version\";s:10:\"1775760749\";s:6:\"gfonts\";a:0:{}s:10:\"gfonts_url\";s:0:\"\";s:12:\"gfonts_files\";a:0:{}s:14:\"uag_faq_layout\";b:0;}"]},"uagb_featured_image_src":{"full":false,"thumbnail":false,"medium":false,"medium_large":false,"large":false,"1536x1536":false,"2048x2048":false,"trp-custom-language-flag":false,"gform-image-choice-sm":false,"gform-image-choice-md":false,"gform-image-choice-lg":false},"uagb_author_info":{"display_name":"admin","author_link":"#"},"uagb_comment_info":0,"uagb_excerpt":"Pol\u00edtica de cookies Una cookie es un peque\u00f1o fichero de texto que se almacena en su navegador cuando visita casi [&hellip;]","_links":{"self":[{"href":"https:\/\/errekalde.com\/eu\/wp-json\/wp\/v2\/pages\/122","targetHints":{"allow":["GET"]}}],"collection":[{"href":"https:\/\/errekalde.com\/eu\/wp-json\/wp\/v2\/pages"}],"about":[{"href":"https:\/\/errekalde.com\/eu\/wp-json\/wp\/v2\/types\/page"}],"author":[{"embeddable":true,"href":"https:\/\/errekalde.com\/eu\/wp-json\/wp\/v2\/users\/1"}],"replies":[{"embeddable":true,"href":"https:\/\/errekalde.com\/eu\/wp-json\/wp\/v2\/comments?post=122"}],"version-history":[{"count":1,"href":"https:\/\/errekalde.com\/eu\/wp-json\/wp\/v2\/pages\/122\/revisions"}],"predecessor-version":[{"id":123,"href":"https:\/\/errekalde.com\/eu\/wp-json\/wp\/v2\/pages\/122\/revisions\/123"}],"wp:attachment":[{"href":"https:\/\/errekalde.com\/eu\/wp-json\/wp\/v2\/media?parent=122"}],"curies":[{"name":"wp","href":"https:\/\/api.w.org\/{rel}","templated":true}]}}