{"id":3,"date":"2026-02-16T09:31:13","date_gmt":"2026-02-16T09:31:13","guid":{"rendered":"https:\/\/errekalde.fidenet-test.net\/?page_id=3"},"modified":"2026-02-26T13:51:48","modified_gmt":"2026-02-26T12:51:48","slug":"privacy-policy","status":"publish","type":"page","link":"https:\/\/errekalde.com\/eu\/privacy-policy\/","title":{"rendered":"Pribatasun Politika"},"content":{"rendered":"<h2 class=\"wp-block-heading\">Nor gara<\/h2>\n\n\n\n<p><strong>Proposatutako testua:<\/strong> Gure webgunearen helbidea hau da: https:\/\/errekalde.com\/<\/p>\n\n\n\n<h2 class=\"wp-block-heading\">Iruzkinak<\/h2>\n\n\n\n<p><strong>Proposatutako testua:<\/strong> Bisitariek gunean iruzkinak uzten dituztenean, iruzkinen formularioan agertzen diren datuak biltzen ditugu, baita bisitariaren IP helbidea eta nabigatzailearen erabiltzaile-agentearen katea ere, spama detektatzen laguntzeko.<\/p>\n\n\n\n<p>Baliteke Gravatar zerbitzuari zure helbide elektronikotik sortutako kate anonimo bat (hash ere deitua) ematea, erabiltzen ari zaren egiaztatzeko. Gravatar zerbitzuaren pribatutasun-politika hemen dago eskuragarri: https:\/\/automattic.com\/privacy\/. Zure iruzkina onartu ondoren, zure profileko argazkia publikoki ikusi ahal izango da iruzkinaren testuinguruan.<\/p>\n\n\n\n<h2 class=\"wp-block-heading\">Komunikabideak<\/h2>\n\n\n\n<p><strong>Proposatutako testua:<\/strong> Webgunera irudiak igotzen badituzu, ez igo kokapen-datuak dituzten irudiak (GPS EXIF). Webguneko bisitariek irudien kokapenari buruzko edozein datu deskargatu eta atera dezakete.<\/p>\n\n\n\n<h2 class=\"wp-block-heading\">Cookie-ak<\/h2>\n\n\n\n<p><strong>Proposatutako testua: <\/strong>Gure webgunean iruzkin bat uzten baduzu, zure izena, helbide elektronikoa eta webgunea cookietan gorde ditzakezu. Hau zure erosotasunerako da, beste iruzkin bat uzten duzunean zure datuak berriro sartu behar ez izateko. Cookie hauek urtebeteko iraupena dute.<\/p>\n\n\n\n<p>Gure saio-hasierako orria bisitatzen baduzu, aldi baterako cookie bat instalatuko dugu zure nabigatzaileak cookieak onartzen dituen zehazteko. Cookie honek ez du datu pertsonalik, eta nabigatzailea ixtean ezabatzen da.<\/p>\n\n\n\n<p>Saioa hastean, zenbait cookie ere instalatuko ditugu, saioa hasteko informazioa eta pantaila bistaratzeko lehentasunak gordetzeko. Saio-hasierako cookieek bi egun irauten dute, eta pantaila-aukerakoek, urtebete. \u00abGogoratu\u00bb aukeratzen baduzu, zure saio-hasiera bi astez gordeko da. Saioa ixten baduzu, saioa hasteko cookieak ezabatu egingo dira.<\/p>\n\n\n\n<p>Artikulu bat editatzen edo argitaratzen baduzu, cookie gehigarri bat gordeko da zure nabigatzailean. Cookie honek ez ditu datu pertsonalak barne hartzen eta editatu berri duzun artikuluaren argitalpenaren IDa adierazten du. Egun baten buruan iraungitzen da.<\/p>\n\n\n\n<h2 class=\"wp-block-heading\">Beste webgune batzuetako eduki txertatua<\/h2>\n\n\n\n<p><strong>Proposatutako testua:<\/strong> Webgune honetako artikuluek txertatutako edukia izan dezakete (p. adib., bideoak, irudiak, artikuluak, etab.). Beste webgune batzuetako eduki txertatuak, bisitariak beste webgunea bisitatu izan balu bezala jokatzen du.<\/p>\n\n\n\n<p>Webgune hauek zuri buruzko datuak bildu ditzakete, cookieak erabili, hirugarrenen jarraipen gehigarria txertatu eta eduki txertatu horrekin duzun interakzioa monitorizatu, txertatutako edukiarekin duzun interakzioaren jarraipena barne, kontu bat baduzu eta webgune horretara konektatuta bazaude.<\/p>\n\n\n\n<h2 class=\"wp-block-heading\">Norekin partekatzen ditugu zure datuak<\/h2>\n\n\n\n<p><strong>Proposatutako testua:<\/strong> Pasahitza berrezartzeko eskatzen baduzu, zure IP helbidea berrezartze-mezu elektronikoan sartuko da.<\/p>\n\n\n\n<h2 class=\"wp-block-heading\">Zenbat denboraz gordetzen ditugu zure datuak<\/h2>\n\n\n\n<p><strong>Proposatutako testua: <\/strong>Iruzkin bat uzten baduzu, hau eta bere metadatuak mugagabe kontserbatzen dira. Horrek aukera ematen digu ondorengo edozein iruzkin automatikoki ezagutzeko eta onartzeko, moderazio-ilara batean mantendu beharrean.<\/p>\n\n\n\n<p>Gure webgunean erregistratzen diren erabiltzaileen artean (baldin badaude), haien profilean ematen duten informazio pertsonala ere gordetzen dugu. Erabiltzaile guztiek edozein unetan ikus, editatu edo ezaba dezakete beren informazio pertsonala (erabiltzaile-izena aldatu ezin dutenean izan ezik). Webgunearen administratzaileek ere ikus eta edita dezakete informazio hori.<\/p>\n\n\n\n<h2 class=\"wp-block-heading\">Zer eskubide dituzu zure datuen gainean<\/h2>\n\n\n\n<p><strong>Proposatutako testua:<\/strong> Gune honetan kontu bat baduzu edo iruzkinak utzi badituzu, zuri buruz ditugun datu pertsonalen fitxategi esportatua eska dezakezu, eman diguzun edozein datu barne. Zuri buruz daukagun edozein datu pertsonal ezabatzeko ere eska dezakezu. Horrek ez ditu barne hartzen administrazio-, lege- edo segurtasun-helburuekin gorde behar ditugun datuak.<\/p>\n\n\n\n<h2 class=\"wp-block-heading\">Zure datuak nora bidaltzen diren<\/h2>\n\n\n\n<p><strong>Proposatutako testua: <\/strong>Bisitarien iruzkinak spam detekzio automatikoko zerbitzu baten bidez berrikus daitezke.<\/p>","protected":false},"excerpt":{"rendered":"<p>Qui\u00e9nes somos Texto sugerido: La direcci\u00f3n de nuestra web es: https:\/\/errekalde.com\/ Comentarios Texto sugerido: Cuando los visitantes dejan comentarios en [&hellip;]<\/p>\n","protected":false},"author":1,"featured_media":0,"parent":0,"menu_order":0,"comment_status":"closed","ping_status":"open","template":"","meta":{"_uag_custom_page_level_css":"","site-sidebar-layout":"default","site-content-layout":"","ast-site-content-layout":"default","site-content-style":"default","site-sidebar-style":"default","ast-global-header-display":"","ast-banner-title-visibility":"","ast-main-header-display":"","ast-hfb-above-header-display":"","ast-hfb-below-header-display":"","ast-hfb-mobile-header-display":"","site-post-title":"","ast-breadcrumbs-content":"","ast-featured-img":"","footer-sml-layout":"","ast-disable-related-posts":"","theme-transparent-header-meta":"","adv-header-id-meta":"","stick-header-meta":"","header-above-stick-meta":"","header-main-stick-meta":"","header-below-stick-meta":"","astra-migrate-meta-layouts":"default","ast-page-background-enabled":"default","ast-page-background-meta":{"desktop":{"background-color":"var(--ast-global-color-5)","background-image":"","background-repeat":"repeat","background-position":"center center","background-size":"auto","background-attachment":"scroll","background-type":"","background-media":"","overlay-type":"","overlay-color":"","overlay-opacity":"","overlay-gradient":""},"tablet":{"background-color":"","background-image":"","background-repeat":"repeat","background-position":"center center","background-size":"auto","background-attachment":"scroll","background-type":"","background-media":"","overlay-type":"","overlay-color":"","overlay-opacity":"","overlay-gradient":""},"mobile":{"background-color":"","background-image":"","background-repeat":"repeat","background-position":"center center","background-size":"auto","background-attachment":"scroll","background-type":"","background-media":"","overlay-type":"","overlay-color":"","overlay-opacity":"","overlay-gradient":""}},"ast-content-background-meta":{"desktop":{"background-color":"var(--ast-global-color-4)","background-image":"","background-repeat":"repeat","background-position":"center center","background-size":"auto","background-attachment":"scroll","background-type":"","background-media":"","overlay-type":"","overlay-color":"","overlay-opacity":"","overlay-gradient":""},"tablet":{"background-color":"var(--ast-global-color-4)","background-image":"","background-repeat":"repeat","background-position":"center center","background-size":"auto","background-attachment":"scroll","background-type":"","background-media":"","overlay-type":"","overlay-color":"","overlay-opacity":"","overlay-gradient":""},"mobile":{"background-color":"var(--ast-global-color-4)","background-image":"","background-repeat":"repeat","background-position":"center center","background-size":"auto","background-attachment":"scroll","background-type":"","background-media":"","overlay-type":"","overlay-color":"","overlay-opacity":"","overlay-gradient":""}},"footnotes":""},"class_list":["post-3","page","type-page","status-publish","hentry"],"yoast_head":"<!-- This site is optimized with the Yoast SEO plugin v27.1.1 - https:\/\/yoast.com\/product\/yoast-seo-wordpress\/ -->\n<title>Pol\u00edtica de Privacidad - Errekalde<\/title>\n<meta name=\"robots\" content=\"noindex, follow, max-snippet:-1, max-image-preview:large, max-video-preview:-1\" \/>\n<meta property=\"og:locale\" content=\"en_US\" \/>\n<meta property=\"og:type\" content=\"article\" \/>\n<meta property=\"og:title\" content=\"Pol\u00edtica de Privacidad - Errekalde\" \/>\n<meta property=\"og:description\" content=\"Qui\u00e9nes somos Texto sugerido: La direcci\u00f3n de nuestra web es: https:\/\/errekalde.com\/ Comentarios Texto sugerido: Cuando los visitantes dejan comentarios en [&hellip;]\" \/>\n<meta property=\"og:url\" content=\"https:\/\/errekalde.com\/eu\/privacy-policy\/\" \/>\n<meta property=\"og:site_name\" content=\"Errekalde\" \/>\n<meta property=\"article:modified_time\" content=\"2026-02-26T12:51:48+00:00\" \/>\n<meta name=\"twitter:card\" content=\"summary_large_image\" \/>\n<meta name=\"twitter:label1\" content=\"Est. reading time\" \/>\n\t<meta name=\"twitter:data1\" content=\"3 minutua\" \/>\n<script type=\"application\/ld+json\" class=\"yoast-schema-graph\">{\"@context\":\"https:\/\/schema.org\",\"@graph\":[{\"@type\":\"WebPage\",\"@id\":\"https:\/\/errekalde.com\/privacy-policy\/\",\"url\":\"https:\/\/errekalde.com\/privacy-policy\/\",\"name\":\"Pol\u00edtica de Privacidad - Errekalde\",\"isPartOf\":{\"@id\":\"https:\/\/errekalde.com\/#website\"},\"datePublished\":\"2026-02-16T09:31:13+00:00\",\"dateModified\":\"2026-02-26T12:51:48+00:00\",\"breadcrumb\":{\"@id\":\"https:\/\/errekalde.com\/privacy-policy\/#breadcrumb\"},\"inLanguage\":\"eu\",\"potentialAction\":[{\"@type\":\"ReadAction\",\"target\":[\"https:\/\/errekalde.com\/privacy-policy\/\"]}]},{\"@type\":\"BreadcrumbList\",\"@id\":\"https:\/\/errekalde.com\/privacy-policy\/#breadcrumb\",\"itemListElement\":[{\"@type\":\"ListItem\",\"position\":1,\"name\":\"Portada\",\"item\":\"https:\/\/errekalde.com\/\"},{\"@type\":\"ListItem\",\"position\":2,\"name\":\"Pol\u00edtica de Privacidad\"}]},{\"@type\":\"WebSite\",\"@id\":\"https:\/\/errekalde.com\/#website\",\"url\":\"https:\/\/errekalde.com\/\",\"name\":\"Errekalde\",\"description\":\"\",\"publisher\":{\"@id\":\"https:\/\/errekalde.com\/#organization\"},\"potentialAction\":[{\"@type\":\"SearchAction\",\"target\":{\"@type\":\"EntryPoint\",\"urlTemplate\":\"https:\/\/errekalde.com\/?s={search_term_string}\"},\"query-input\":{\"@type\":\"PropertyValueSpecification\",\"valueRequired\":true,\"valueName\":\"search_term_string\"}}],\"inLanguage\":\"eu\"},{\"@type\":\"Organization\",\"@id\":\"https:\/\/errekalde.com\/#organization\",\"name\":\"Errekalde\",\"url\":\"https:\/\/errekalde.com\/\",\"logo\":{\"@type\":\"ImageObject\",\"inLanguage\":\"eu\",\"@id\":\"https:\/\/errekalde.com\/#\/schema\/logo\/image\/\",\"url\":\"https:\/\/errekalde.com\/wp-content\/uploads\/cropped-ERREKALDE-logo.png\",\"contentUrl\":\"https:\/\/errekalde.com\/wp-content\/uploads\/cropped-ERREKALDE-logo.png\",\"width\":928,\"height\":309,\"caption\":\"Errekalde\"},\"image\":{\"@id\":\"https:\/\/errekalde.com\/#\/schema\/logo\/image\/\"}}]}<\/script>\n<!-- \/ Yoast SEO plugin. -->","yoast_head_json":{"title":"Pol\u00edtica de Privacidad - Errekalde","robots":{"index":"noindex","follow":"follow","max-snippet":"max-snippet:-1","max-image-preview":"max-image-preview:large","max-video-preview":"max-video-preview:-1"},"og_locale":"en_US","og_type":"article","og_title":"Pol\u00edtica de Privacidad - Errekalde","og_description":"Qui\u00e9nes somos Texto sugerido: La direcci\u00f3n de nuestra web es: https:\/\/errekalde.com\/ Comentarios Texto sugerido: Cuando los visitantes dejan comentarios en [&hellip;]","og_url":"https:\/\/errekalde.com\/eu\/privacy-policy\/","og_site_name":"Errekalde","article_modified_time":"2026-02-26T12:51:48+00:00","twitter_card":"summary_large_image","twitter_misc":{"Est. reading time":"3 minutua"},"schema":{"@context":"https:\/\/schema.org","@graph":[{"@type":"WebPage","@id":"https:\/\/errekalde.com\/privacy-policy\/","url":"https:\/\/errekalde.com\/privacy-policy\/","name":"Pol\u00edtica de Privacidad - Errekalde","isPartOf":{"@id":"https:\/\/errekalde.com\/#website"},"datePublished":"2026-02-16T09:31:13+00:00","dateModified":"2026-02-26T12:51:48+00:00","breadcrumb":{"@id":"https:\/\/errekalde.com\/privacy-policy\/#breadcrumb"},"inLanguage":"eu","potentialAction":[{"@type":"ReadAction","target":["https:\/\/errekalde.com\/privacy-policy\/"]}]},{"@type":"BreadcrumbList","@id":"https:\/\/errekalde.com\/privacy-policy\/#breadcrumb","itemListElement":[{"@type":"ListItem","position":1,"name":"Portada","item":"https:\/\/errekalde.com\/"},{"@type":"ListItem","position":2,"name":"Pol\u00edtica de Privacidad"}]},{"@type":"WebSite","@id":"https:\/\/errekalde.com\/#website","url":"https:\/\/errekalde.com\/","name":"Errekalde","description":"","publisher":{"@id":"https:\/\/errekalde.com\/#organization"},"potentialAction":[{"@type":"SearchAction","target":{"@type":"EntryPoint","urlTemplate":"https:\/\/errekalde.com\/?s={search_term_string}"},"query-input":{"@type":"PropertyValueSpecification","valueRequired":true,"valueName":"search_term_string"}}],"inLanguage":"eu"},{"@type":"Organization","@id":"https:\/\/errekalde.com\/#organization","name":"Errekalde","url":"https:\/\/errekalde.com\/","logo":{"@type":"ImageObject","inLanguage":"eu","@id":"https:\/\/errekalde.com\/#\/schema\/logo\/image\/","url":"https:\/\/errekalde.com\/wp-content\/uploads\/cropped-ERREKALDE-logo.png","contentUrl":"https:\/\/errekalde.com\/wp-content\/uploads\/cropped-ERREKALDE-logo.png","width":928,"height":309,"caption":"Errekalde"},"image":{"@id":"https:\/\/errekalde.com\/#\/schema\/logo\/image\/"}}]}},"spectra_custom_meta":{"_wp_page_template":["default"],"_edit_lock":["1772189497:1"],"_edit_last":["1"],"_yoast_wpseo_content_score":["90"],"_yoast_wpseo_estimated-reading-time-minutes":["3"],"_uag_css_file_name":["uag-css-3.css"],"_wp_suggested_privacy_policy_content":["a:3:{s:11:\"plugin_name\";s:9:\"WordPress\";s:11:\"policy_text\";s:4975:\"<h2 class=\"wp-block-heading\">Qui\u00e9nes somos<\/h2><p><strong class=\"privacy-policy-tutorial\">Texto sugerido: <\/strong>La direcci\u00f3n de nuestra web es: https:\/\/errekalde.com.<\/p><h2 class=\"wp-block-heading\">Comentarios<\/h2><p><strong class=\"privacy-policy-tutorial\">Texto sugerido: <\/strong>Cuando los visitantes dejan comentarios en la web, recopilamos los datos que se muestran en el formulario de comentarios, as\u00ed como la direcci\u00f3n IP del visitante y la cadena de agentes de usuario del navegador para ayudar a la detecci\u00f3n de spam.<\/p><p>Una cadena an\u00f3nima creada a partir de tu direcci\u00f3n de correo electr\u00f3nico (tambi\u00e9n llamada hash) puede ser proporcionada al servicio de Gravatar para ver si la est\u00e1s usando. La pol\u00edtica de privacidad del servicio Gravatar est\u00e1 disponible aqu\u00ed: https:\/\/automattic.com\/privacy\/. Despu\u00e9s de la aprobaci\u00f3n de tu comentario, la imagen de tu perfil es visible para el p\u00fablico en el contexto de tu comentario.<\/p><h2 class=\"wp-block-heading\">Medios<\/h2><p><strong class=\"privacy-policy-tutorial\">Texto sugerido: <\/strong>Si subes im\u00e1genes a la web, deber\u00edas evitar subir im\u00e1genes con datos de ubicaci\u00f3n (GPS EXIF) incluidos. Los visitantes de la web pueden descargar y extraer cualquier dato de ubicaci\u00f3n de las im\u00e1genes de la web.<\/p><h2 class=\"wp-block-heading\">Cookies<\/h2><p><strong class=\"privacy-policy-tutorial\">Texto sugerido: <\/strong>Si dejas un comentario en nuestro sitio puedes elegir guardar tu nombre, direcci\u00f3n de correo electr\u00f3nico y web en cookies. Esto es para tu comodidad, para que no tengas que volver a rellenar tus datos cuando dejes otro comentario. Estas cookies tendr\u00e1n una duraci\u00f3n de un a\u00f1o.<\/p><p>Si tienes una cuenta y te conectas a este sitio, instalaremos una cookie temporal para determinar si tu navegador acepta cookies. Esta cookie no contiene datos personales y se elimina al cerrar el navegador.<\/p><p>Cuando accedas, tambi\u00e9n instalaremos varias cookies para guardar tu informaci\u00f3n de acceso y tus opciones de visualizaci\u00f3n de pantalla. Las cookies de acceso duran dos d\u00edas, y las cookies de opciones de pantalla duran un a\u00f1o. Si seleccionas \u00abRecu\u00e9rdarme\u00bb, tu acceso perdurar\u00e1 durante dos semanas. Si sales de tu cuenta, las cookies de acceso se eliminar\u00e1n.<\/p><p>Si editas o publicas un art\u00edculo se guardar\u00e1 una cookie adicional en tu navegador. Esta cookie no incluye datos personales y simplemente indica el ID del art\u00edculo que acabas de editar. Caduca despu\u00e9s de 1 d\u00eda.<\/p><h2 class=\"wp-block-heading\">Contenido incrustado de otros sitios web<\/h2><p><strong class=\"privacy-policy-tutorial\">Texto sugerido: <\/strong>Los art\u00edculos de este sitio pueden incluir contenido incrustado (por ejemplo, v\u00eddeos, im\u00e1genes, art\u00edculos, etc.). El contenido incrustado de otras webs se comporta exactamente de la misma manera que si el visitante hubiera visitado la otra web.<\/p><p>Estas web pueden recopilar datos sobre ti, utilizar cookies, incrustar un seguimiento adicional de terceros, y supervisar tu interacci\u00f3n con ese contenido incrustado, incluido el seguimiento de tu interacci\u00f3n con el contenido incrustado si tienes una cuenta y est\u00e1s conectado a esa web.<\/p><h2 class=\"wp-block-heading\">Con qui\u00e9n compartimos tus datos<\/h2><p><strong class=\"privacy-policy-tutorial\">Texto sugerido: <\/strong>Si solicitas un restablecimiento de contrase\u00f1a, tu direcci\u00f3n IP ser\u00e1 incluida en el correo electr\u00f3nico de restablecimiento.<\/p><h2 class=\"wp-block-heading\">Cu\u00e1nto tiempo conservamos tus datos<\/h2><p><strong class=\"privacy-policy-tutorial\">Texto sugerido: <\/strong>Si dejas un comentario, el comentario y sus metadatos se conservan indefinidamente. Esto es para que podamos reconocer y aprobar comentarios sucesivos autom\u00e1ticamente, en lugar de mantenerlos en una cola de moderaci\u00f3n.<\/p><p>De los usuarios que se registran en nuestra web (si los hay), tambi\u00e9n almacenamos la informaci\u00f3n personal que proporcionan en su perfil de usuario. Todos los usuarios pueden ver, editar o eliminar su informaci\u00f3n personal en cualquier momento (excepto que no pueden cambiar su nombre de usuario). Los administradores de la web tambi\u00e9n pueden ver y editar esa informaci\u00f3n.<\/p><h2 class=\"wp-block-heading\">Qu\u00e9 derechos tienes sobre tus datos<\/h2><p><strong class=\"privacy-policy-tutorial\">Texto sugerido: <\/strong>Si tienes una cuenta o has dejado comentarios en esta web, puedes solicitar recibir un archivo de exportaci\u00f3n de los datos personales que tenemos sobre ti, incluyendo cualquier dato que nos hayas proporcionado. Tambi\u00e9n puedes solicitar que eliminemos cualquier dato personal que tengamos sobre ti. Esto no incluye ning\u00fan dato que estemos obligados a conservar con fines administrativos, legales o de seguridad.<\/p><h2 class=\"wp-block-heading\">D\u00f3nde se env\u00edan tus datos<\/h2><p><strong class=\"privacy-policy-tutorial\">Texto sugerido: <\/strong>Los comentarios de los visitantes puede que los revise un servicio de detecci\u00f3n autom\u00e1tica de spam.<\/p>\";s:5:\"added\";i:1773157210;}"],"_uag_page_assets":["a:9:{s:3:\"css\";s:263:\".uag-blocks-common-selector{z-index:var(--z-index-desktop) !important}@media (max-width: 976px){.uag-blocks-common-selector{z-index:var(--z-index-tablet) !important}}@media (max-width: 767px){.uag-blocks-common-selector{z-index:var(--z-index-mobile) !important}}\n\";s:2:\"js\";s:0:\"\";s:18:\"current_block_list\";a:8:{i:0;s:12:\"core\/heading\";i:1;s:14:\"core\/paragraph\";i:2;s:11:\"core\/search\";i:3;s:10:\"core\/group\";i:4;s:17:\"core\/latest-posts\";i:5;s:20:\"core\/latest-comments\";i:6;s:13:\"core\/archives\";i:7;s:15:\"core\/categories\";}s:8:\"uag_flag\";b:0;s:11:\"uag_version\";s:10:\"1775760497\";s:6:\"gfonts\";a:0:{}s:10:\"gfonts_url\";s:0:\"\";s:12:\"gfonts_files\";a:0:{}s:14:\"uag_faq_layout\";b:0;}"]},"uagb_featured_image_src":{"full":false,"thumbnail":false,"medium":false,"medium_large":false,"large":false,"1536x1536":false,"2048x2048":false,"trp-custom-language-flag":false,"gform-image-choice-sm":false,"gform-image-choice-md":false,"gform-image-choice-lg":false},"uagb_author_info":{"display_name":"admin","author_link":"#"},"uagb_comment_info":0,"uagb_excerpt":"Qui\u00e9nes somos Texto sugerido: La direcci\u00f3n de nuestra web es: https:\/\/errekalde.com\/ Comentarios Texto sugerido: Cuando los visitantes dejan comentarios en [&hellip;]","_links":{"self":[{"href":"https:\/\/errekalde.com\/eu\/wp-json\/wp\/v2\/pages\/3","targetHints":{"allow":["GET"]}}],"collection":[{"href":"https:\/\/errekalde.com\/eu\/wp-json\/wp\/v2\/pages"}],"about":[{"href":"https:\/\/errekalde.com\/eu\/wp-json\/wp\/v2\/types\/page"}],"author":[{"embeddable":true,"href":"https:\/\/errekalde.com\/eu\/wp-json\/wp\/v2\/users\/1"}],"replies":[{"embeddable":true,"href":"https:\/\/errekalde.com\/eu\/wp-json\/wp\/v2\/comments?post=3"}],"version-history":[{"count":3,"href":"https:\/\/errekalde.com\/eu\/wp-json\/wp\/v2\/pages\/3\/revisions"}],"predecessor-version":[{"id":165,"href":"https:\/\/errekalde.com\/eu\/wp-json\/wp\/v2\/pages\/3\/revisions\/165"}],"wp:attachment":[{"href":"https:\/\/errekalde.com\/eu\/wp-json\/wp\/v2\/media?parent=3"}],"curies":[{"name":"wp","href":"https:\/\/api.w.org\/{rel}","templated":true}]}}